{"id":2596,"date":"2018-04-06T05:10:26","date_gmt":"2018-04-06T05:10:26","guid":{"rendered":"https:\/\/brixel.radiantthemes.com\/?page_id=2596"},"modified":"2018-04-06T05:10:26","modified_gmt":"2018-04-06T05:10:26","slug":"projects-version-three","status":"publish","type":"page","link":"https:\/\/livglass.com.tr\/index.php\/projects-version-three\/","title":{"rendered":"Projects Version Three"},"content":{"rendered":"<div class=\"wpb-content-wrapper\"><p>[vc_section full_width=&#8221;stretch_row&#8221; css=&#8221;.vc_custom_1520232875138{margin-top: 0px !important;margin-bottom: 0px !important;padding-top: 0px !important;padding-bottom: 0px !important;background-color: #ffffff !important;}&#8221;][vc_row full_width=&#8221;stretch_row&#8221; css=&#8221;.vc_custom_1520237418136{margin-top: 0px !important;margin-bottom: 0px !important;padding-top: 110px !important;padding-bottom: 40px !important;}&#8221;][vc_column][vc_custom_heading text=&#8221;Featured Projects&#8221; font_container=&#8221;tag:h3|font_size:35px|text_align:center|line_height:45px&#8221; use_theme_fonts=&#8221;yes&#8221; css=&#8221;.vc_custom_1520232849123{margin-top: 0px !important;margin-bottom: 0px !important;}&#8221;][\/vc_column][\/vc_row][vc_row full_width=&#8221;stretch_row_content_no_spaces&#8221; css=&#8221;.vc_custom_1522991336635{margin-top: 0px !important;margin-bottom: 0px !important;padding-top: 0px !important;padding-bottom: 0px !important;}&#8221;][vc_column]<div class=\"rt-portfolio-box-filter element-four filter-style-seven text-center \"><button class=\"matchHeight current-menu-item\" data-filter=\"*\"><span>All Groups<\/span><\/button><button class=\"matchHeight\" data-filter=\".cnc-duz-kesim\"><span>CNC D\u00fcz Kesim<\/span><\/button><button class=\"matchHeight\" data-filter=\".delikmakinesi\"><span>Delik Makinesi<\/span><\/button><button class=\"matchHeight\" data-filter=\".dikey-rodaj\"><span>Dikey Rodaj<\/span><\/button><button class=\"matchHeight\" data-filter=\".forma\"><span>Forma<\/span><\/button><button class=\"matchHeight\" data-filter=\".isicam\"><span>Is\u0131cam<\/span><\/button><button class=\"matchHeight\" data-filter=\".kaset-cam\"><span>Kaset Cam<\/span><\/button><button class=\"matchHeight\" data-filter=\".tmpr\"><span>Temper<\/span><\/button><button class=\"matchHeight\" data-filter=\".yatay-rodaj\"><span>Yatay Rodaj<\/span><\/button><\/div><div class=\"rt-portfolio-box element-four row isotope has-fancybox\" data-portfolio-box-align=\"center\" style=\"margin-left:-0px; margin-right:-0px;\"><div class=\"rt-portfolio-box-item forma col-lg-4 col-md-4 col-sm-6 col-xs-12\" style=\"padding:0px;\"><div class=\"holder\"><div class=\"pic\"><img loading=\"lazy\" decoding=\"async\" src=\"https:\/\/livglass.com.tr\/wp-content\/plugins\/radiantthemes-addons\/portfolio\/images\/blank-image-100x75.jpg\" alt=\"blank image\" width=\"100\" height=\"75\"><div class=\"holder\" style=\"background-image:url(https:\/\/livglass.com.tr\/wp-content\/uploads\/2018\/03\/livglass_forma1.jpg)\"><\/div><div class=\"data\"><div class=\"table\"><div class=\"table-cell\"><h4><a href=\"https:\/\/livglass.com.tr\/index.php\/portfolio\/cam-forma\/\">Cam Forma Hizmeti<\/a><\/h4><p>Forma Rodaj, farkl\u0131 kal\u0131nl\u0131k ve \u00a0boyutlardaki yuvarlak ve de\u011fi\u015fik \u015fekilli...<\/p><\/div><\/div><\/div><a class=\"overlay fancybox\" href=\"https:\/\/livglass.com.tr\/wp-content\/uploads\/2018\/03\/livglass_forma1.jpg\"><\/a><div class=\"clearfix\"><\/div><\/div><\/div><\/div><div class=\"rt-portfolio-box-item delikmakinesi col-lg-4 col-md-4 col-sm-6 col-xs-12\" style=\"padding:0px;\"><div class=\"holder\"><div class=\"pic\"><img loading=\"lazy\" decoding=\"async\" src=\"https:\/\/livglass.com.tr\/wp-content\/plugins\/radiantthemes-addons\/portfolio\/images\/blank-image-100x75.jpg\" alt=\"blank image\" width=\"100\" height=\"75\"><div class=\"holder\" style=\"background-image:url(https:\/\/livglass.com.tr\/wp-content\/uploads\/2018\/03\/delik_makinesi.jpg)\"><\/div><div class=\"data\"><div class=\"table\"><div class=\"table-cell\"><h4><a href=\"https:\/\/livglass.com.tr\/index.php\/portfolio\/delik_hizmeti\/\">Cam Delik Hizmeti<\/a><\/h4><p>Cam\u0131n istenilen \u00e7ap ve koordinatlara uygun olarak standart hav\u015fal\u0131 veya...<\/p><\/div><\/div><\/div><a class=\"overlay fancybox\" href=\"https:\/\/livglass.com.tr\/wp-content\/uploads\/2018\/03\/delik_makinesi.jpg\"><\/a><div class=\"clearfix\"><\/div><\/div><\/div><\/div><div class=\"rt-portfolio-box-item cnc-duz-kesim col-lg-4 col-md-4 col-sm-6 col-xs-12\" style=\"padding:0px;\"><div class=\"holder\"><div class=\"pic\"><img loading=\"lazy\" decoding=\"async\" src=\"https:\/\/livglass.com.tr\/wp-content\/plugins\/radiantthemes-addons\/portfolio\/images\/blank-image-100x75.jpg\" alt=\"blank image\" width=\"100\" height=\"75\"><div class=\"holder\" style=\"background-image:url(https:\/\/livglass.com.tr\/wp-content\/uploads\/2018\/03\/livglass_cnc_duzkesim2.jpg)\"><\/div><div class=\"data\"><div class=\"table\"><div class=\"table-cell\"><h4><a href=\"https:\/\/livglass.com.tr\/index.php\/portfolio\/cnc-duzkesim\/\">CNC D\u00fcz Kesim<\/a><\/h4><p>Livglass olarak cnc d\u00fcz kesim camlarda istenilen t\u00fcm ebat ve...<\/p><\/div><\/div><\/div><a class=\"overlay fancybox\" href=\"https:\/\/livglass.com.tr\/wp-content\/uploads\/2018\/03\/livglass_cnc_duzkesim2.jpg\"><\/a><div class=\"clearfix\"><\/div><\/div><\/div><\/div><div class=\"rt-portfolio-box-item dikey-rodaj col-lg-4 col-md-4 col-sm-6 col-xs-12\" style=\"padding:0px;\"><div class=\"holder\"><div class=\"pic\"><img loading=\"lazy\" decoding=\"async\" src=\"https:\/\/livglass.com.tr\/wp-content\/plugins\/radiantthemes-addons\/portfolio\/images\/blank-image-100x75.jpg\" alt=\"blank image\" width=\"100\" height=\"75\"><div class=\"holder\" style=\"background-image:url(https:\/\/livglass.com.tr\/wp-content\/uploads\/2018\/03\/livglass_dikey_rodaj_3.jpg)\"><\/div><div class=\"data\"><div class=\"table\"><div class=\"table-cell\"><h4><a href=\"https:\/\/livglass.com.tr\/index.php\/portfolio\/dikeyrodaj\/\">Dikey Rodaj Hizmeti<\/a><\/h4><p>D\u00fcz cam rodaj makinesi, d\u00fcz cam\u0131n kenar rodajlamas\u0131, kaba ta\u015flamas\u0131,...<\/p><\/div><\/div><\/div><a class=\"overlay fancybox\" href=\"https:\/\/livglass.com.tr\/wp-content\/uploads\/2018\/03\/livglass_dikey_rodaj_3.jpg\"><\/a><div class=\"clearfix\"><\/div><\/div><\/div><\/div><div class=\"rt-portfolio-box-item yatay-rodaj col-lg-4 col-md-4 col-sm-6 col-xs-12\" style=\"padding:0px;\"><div class=\"holder\"><div class=\"pic\"><img loading=\"lazy\" decoding=\"async\" src=\"https:\/\/livglass.com.tr\/wp-content\/plugins\/radiantthemes-addons\/portfolio\/images\/blank-image-100x75.jpg\" alt=\"blank image\" width=\"100\" height=\"75\"><div class=\"holder\" style=\"background-image:url(https:\/\/livglass.com.tr\/wp-content\/uploads\/2018\/03\/livglass_yatay-rodaj2.jpeg.jpg)\"><\/div><div class=\"data\"><div class=\"table\"><div class=\"table-cell\"><h4><a href=\"https:\/\/livglass.com.tr\/index.php\/portfolio\/school-of-business-berlin\/\">Yatay Rodaj Hizmeti<\/a><\/h4><p>Livglas olarak kuland\u0131\u011f\u0131m\u0131z yatay rodaj makinesinde hata pay\u0131 olmaks\u0131z\u0131n rodaj...<\/p><\/div><\/div><\/div><a class=\"overlay fancybox\" href=\"https:\/\/livglass.com.tr\/wp-content\/uploads\/2018\/03\/livglass_yatay-rodaj2.jpeg.jpg\"><\/a><div class=\"clearfix\"><\/div><\/div><\/div><\/div><div class=\"rt-portfolio-box-item tmpr col-lg-4 col-md-4 col-sm-6 col-xs-12\" style=\"padding:0px;\"><div class=\"holder\"><div class=\"pic\"><img loading=\"lazy\" decoding=\"async\" src=\"https:\/\/livglass.com.tr\/wp-content\/plugins\/radiantthemes-addons\/portfolio\/images\/blank-image-100x75.jpg\" alt=\"blank image\" width=\"100\" height=\"75\"><div class=\"holder\" style=\"background-image:url(https:\/\/livglass.com.tr\/wp-content\/uploads\/2018\/03\/livglass_temper3_-1.jpg)\"><\/div><div class=\"data\"><div class=\"table\"><div class=\"table-cell\"><h4><a href=\"https:\/\/livglass.com.tr\/index.php\/portfolio\/temper\/\">Temper Hizmeti<\/a><\/h4><p>Livglass Temperli cam nedir? K\u0131r\u0131lmaya, erimeye ve \u00e7atlamaya dayan\u0131kl\u0131 hale...<\/p><\/div><\/div><\/div><a class=\"overlay fancybox\" href=\"https:\/\/livglass.com.tr\/wp-content\/uploads\/2018\/03\/livglass_temper3_-1.jpg\"><\/a><div class=\"clearfix\"><\/div><\/div><\/div><\/div><\/div>[\/vc_column][\/vc_row][\/vc_section]<\/p>\n<\/div>","protected":false},"excerpt":{"rendered":"<p>[vc_section full_width=&#8221;stretch_row&#8221; css=&#8221;.vc_custom_1520232875138{margin-top: 0px !important;margin-bottom: 0px !important;padding-top: 0px !important;padding-bottom: 0px !important;background-color: #ffffff !important;}&#8221;][vc_row full_width=&#8221;stretch_row&#8221; css=&#8221;.vc_custom_1520237418136{margin-top: 0px !important;margin-bottom: 0px !important;padding-top: 110px !important;padding-bottom: 40px !important;}&#8221;][vc_column][vc_custom_heading text=&#8221;Featured Projects&#8221; font_container=&#8221;tag:h3|font_size:35px|text_align:center|line_height:45px&#8221; use_theme_fonts=&#8221;yes&#8221; css=&#8221;.vc_custom_1520232849123{margin-top: 0px !important;margin-bottom: 0px !important;}&#8221;][\/vc_column][\/vc_row][vc_row full_width=&#8221;stretch_row_content_no_spaces&#8221; css=&#8221;.vc_custom_1522991336635{margin-top: 0px !important;margin-bottom: 0px !important;padding-top: 0px !important;padding-bottom: 0px !important;}&#8221;][vc_column][\/vc_column][\/vc_row][\/vc_section]<\/p>\n","protected":false},"author":1,"featured_media":0,"parent":0,"menu_order":0,"comment_status":"closed","ping_status":"closed","template":"","meta":{"footnotes":""},"class_list":["post-2596","page","type-page","status-publish","hentry"],"aioseo_notices":[],"_links":{"self":[{"href":"https:\/\/livglass.com.tr\/index.php\/wp-json\/wp\/v2\/pages\/2596","targetHints":{"allow":["GET"]}}],"collection":[{"href":"https:\/\/livglass.com.tr\/index.php\/wp-json\/wp\/v2\/pages"}],"about":[{"href":"https:\/\/livglass.com.tr\/index.php\/wp-json\/wp\/v2\/types\/page"}],"author":[{"embeddable":true,"href":"https:\/\/livglass.com.tr\/index.php\/wp-json\/wp\/v2\/users\/1"}],"replies":[{"embeddable":true,"href":"https:\/\/livglass.com.tr\/index.php\/wp-json\/wp\/v2\/comments?post=2596"}],"version-history":[{"count":0,"href":"https:\/\/livglass.com.tr\/index.php\/wp-json\/wp\/v2\/pages\/2596\/revisions"}],"wp:attachment":[{"href":"https:\/\/livglass.com.tr\/index.php\/wp-json\/wp\/v2\/media?parent=2596"}],"curies":[{"name":"wp","href":"https:\/\/api.w.org\/{rel}","templated":true}]}}