{"id":2631,"date":"2018-04-06T11:02:27","date_gmt":"2018-04-06T11:02:27","guid":{"rendered":"https:\/\/brixel.radiantthemes.com\/?page_id=2631"},"modified":"2024-11-05T18:10:39","modified_gmt":"2024-11-05T18:10:39","slug":"hakkimizda","status":"publish","type":"page","link":"https:\/\/livglass.com.tr\/index.php\/hakkimizda\/","title":{"rendered":"Hakk\u0131m\u0131zda"},"content":{"rendered":"<div class=\"wpb-content-wrapper\"><p>[vc_row gap=&#8221;10&#8243; css=&#8221;.vc_custom_1522818976704{margin-top: 0px !important;margin-bottom: 0px !important;padding-top: 80px !important;padding-bottom: 52px !important;}&#8221;][vc_column width=&#8221;1\/2&#8243; css=&#8221;.vc_custom_1522754688404{margin-top: 0px !important;margin-bottom: 0px !important;padding-top: 0px !important;padding-bottom: 0px !important;background-color: #ffffff !important;}&#8221;][vc_single_image image=&#8221;3378&#8243; img_size=&#8221;full&#8221; css=&#8221;&#8221;][vc_custom_heading text=&#8221;Cam \u0130\u015fleme Konusunda Lider firma&#8221; font_container=&#8221;tag:h1|font_size:36px|text_align:left|line_height:45px&#8221; use_theme_fonts=&#8221;yes&#8221; css=&#8221;&#8221; el_class=&#8221;heading-left-border&#8221;][\/vc_column][vc_column width=&#8221;1\/4&#8243; css=&#8221;.vc_custom_1522819129966{margin-top: 0px !important;margin-bottom: 0px !important;border-right-width: 1px !important;padding-top: 0px !important;padding-right: 35px !important;padding-bottom: 0px !important;padding-left: 35px !important;background-color: #ffffff !important;border-right-color: #eaeaea !important;border-right-style: solid !important;border-radius: 1px !important;}&#8221; el_class=&#8221;hover-box&#8221;][vc_single_image image=&#8221;2633&#8243; img_size=&#8221;full&#8221; css=&#8221;.vc_custom_1523013236395{margin-top: 0px !important;margin-bottom: 0px !important;}&#8221;][vc_custom_heading text=&#8221;01. Altarnatif \u00c7\u00f6z\u00fcmler&#8221; font_container=&#8221;tag:h3|font_size:18px|text_align:left|color:%23161616|line_height:30px&#8221; use_theme_fonts=&#8221;yes&#8221; css=&#8221;.vc_custom_1729504372903{margin-top: 20px !important;margin-bottom: 20px !important;}&#8221;][vc_custom_heading text=&#8221;Tecr\u00fcbelerimize dayanarak m\u00fc\u015fterilerimize sa\u011fl\u0131kl\u0131 ve uzun \u00f6m\u00fcrl\u00fc cam i\u015fleme konusunda \u00e7\u00f6z\u00fcmler sunabiliriz&#8221; font_container=&#8221;tag:p|text_align:left&#8221; use_theme_fonts=&#8221;yes&#8221; css=&#8221;.vc_custom_1729504482233{margin-top: 0px !important;margin-bottom: 0px !important;}&#8221;][\/vc_column][vc_column width=&#8221;1\/4&#8243; css=&#8221;.vc_custom_1522819136887{margin-top: 0px !important;margin-bottom: 0px !important;padding-top: 0px !important;padding-right: 35px !important;padding-bottom: 0px !important;padding-left: 35px !important;background-color: #ffffff !important;}&#8221; el_class=&#8221;hover-box&#8221;][vc_single_image image=&#8221;2636&#8243; img_size=&#8221;full&#8221; css=&#8221;.vc_custom_1523013257512{margin-top: 0px !important;margin-bottom: 0px !important;}&#8221;][vc_custom_heading text=&#8221;02. Uzman M\u00fc\u015fteri Hizmetleri&#8221; font_container=&#8221;tag:h3|font_size:18px|text_align:left|color:%23161616|line_height:30px&#8221; use_theme_fonts=&#8221;yes&#8221; css=&#8221;.vc_custom_1729504567783{margin-top: 20px !important;margin-bottom: 20px !important;}&#8221;][vc_custom_heading text=&#8221;Konusunda uzman e\u011fitimli ve yol g\u00f6sterebilen \u00e7az\u011fr\u0131 merkezi \u00e7al\u0131\u015fanlar\u0131m\u0131z&#8221; font_container=&#8221;tag:p|text_align:left&#8221; use_theme_fonts=&#8221;yes&#8221; css=&#8221;.vc_custom_1729504623507{margin-top: 0px !important;margin-bottom: 0px !important;}&#8221;][\/vc_column][\/vc_row][vc_row gap=&#8221;30&#8243; equal_height=&#8221;yes&#8221; content_placement=&#8221;middle&#8221; css=&#8221;.vc_custom_1522733683450{margin-top: 10px !important;margin-bottom: 80px !important;padding-top: 0px !important;padding-bottom: 0px !important;}&#8221;][vc_column width=&#8221;1\/2&#8243; el_class=&#8221;overlay-holder&#8221;]<div   class=\"rt-beforeafter element-one  \"><img loading=\"lazy\" decoding=\"async\" width=\"2560\" height=\"1440\" src=\"https:\/\/livglass.com.tr\/wp-content\/uploads\/2024\/10\/livglass-1-scaled.jpg\" class=\"attachment-full size-full\" alt=\"\" srcset=\"https:\/\/livglass.com.tr\/wp-content\/uploads\/2024\/10\/livglass-1-scaled.jpg 2560w, https:\/\/livglass.com.tr\/wp-content\/uploads\/2024\/10\/livglass-1-300x169.jpg 300w, https:\/\/livglass.com.tr\/wp-content\/uploads\/2024\/10\/livglass-1-1024x576.jpg 1024w, https:\/\/livglass.com.tr\/wp-content\/uploads\/2024\/10\/livglass-1-768x432.jpg 768w, https:\/\/livglass.com.tr\/wp-content\/uploads\/2024\/10\/livglass-1-1536x864.jpg 1536w, https:\/\/livglass.com.tr\/wp-content\/uploads\/2024\/10\/livglass-1-2048x1152.jpg 2048w, https:\/\/livglass.com.tr\/wp-content\/uploads\/2024\/10\/livglass-1-600x338.jpg 600w\" sizes=\"auto, (max-width: 2560px) 100vw, 2560px\" \/><div class=\"resize\"><img loading=\"lazy\" decoding=\"async\" width=\"1610\" height=\"926\" src=\"https:\/\/livglass.com.tr\/wp-content\/uploads\/2024\/10\/livglass11.jpg\" class=\"attachment-full size-full\" alt=\"\" srcset=\"https:\/\/livglass.com.tr\/wp-content\/uploads\/2024\/10\/livglass11.jpg 1610w, https:\/\/livglass.com.tr\/wp-content\/uploads\/2024\/10\/livglass11-300x173.jpg 300w, https:\/\/livglass.com.tr\/wp-content\/uploads\/2024\/10\/livglass11-1024x589.jpg 1024w, https:\/\/livglass.com.tr\/wp-content\/uploads\/2024\/10\/livglass11-768x442.jpg 768w, https:\/\/livglass.com.tr\/wp-content\/uploads\/2024\/10\/livglass11-1536x883.jpg 1536w, https:\/\/livglass.com.tr\/wp-content\/uploads\/2024\/10\/livglass11-600x345.jpg 600w\" sizes=\"auto, (max-width: 1610px) 100vw, 1610px\" \/><\/div><span class=\"handle\"><\/span><\/div>[\/vc_column][vc_column width=&#8221;1\/2&#8243;][vc_custom_heading text=&#8221;Livglass Hakk\u0131nda&#8221; font_container=&#8221;tag:h2|font_size:35px|text_align:left|line_height:45px&#8221; use_theme_fonts=&#8221;yes&#8221; css=&#8221;&#8221; el_class=&#8221;heading-left-border&#8221;][vc_custom_heading text=&#8221;Tecr\u00fcbeli teknik kadromuz ile g\u00fcvenilir ve verimli ekip olma anlay\u0131\u015f\u0131yla; m\u00fc\u015fteri memnuniyeti ve kalite ile birlikte ilkelerinden \u00f6d\u00fcn vermeden, \u00fclke ve d\u00fcnya standartlar\u0131na uygun olarak hizmet sunmaktay\u0131z.<\/p>\n<p>Hizmet kalitesi ve bunun ile ba\u011flant\u0131l\u0131 Livglass olarak m\u00fc\u015fteri memnuniyeti artt\u0131rmaya y\u00f6nelik \u00e7al\u0131\u015fmalar\u0131m\u0131z s\u00fcrekli olarak devam etmektedir. Teknolojinin katk\u0131lar\u0131 ile siz de\u011ferleri m\u00fc\u015fterilerimize her noktada sorunlar\u0131n\u0131z\u0131 giderme ve destek olmak i\u00e7in durmaks\u0131z\u0131n \u00e7al\u0131\u015f\u0131yoruz.&#8221; font_container=&#8221;tag:p|text_align:left&#8221; use_theme_fonts=&#8221;yes&#8221; css=&#8221;.vc_custom_1729506412007{margin-top: 30px !important;margin-bottom: 35px !important;}&#8221;][\/vc_column][\/vc_row][vc_row equal_height=&#8221;yes&#8221; content_placement=&#8221;middle&#8221; css=&#8221;.vc_custom_1522816034812{margin-top: 10px !important;margin-bottom: 80px !important;padding-top: 0px !important;padding-bottom: 0px !important;}&#8221;][vc_column width=&#8221;1\/2&#8243; css=&#8221;.vc_custom_1522816514976{padding-top: 50px !important;padding-right: 25px !important;padding-bottom: 50px !important;padding-left: 25px !important;background-color: #f8f8f8 !important;}&#8221;][vc_custom_heading text=&#8221;Neden Livglass Tercih Etmelisiniz&#8221; font_container=&#8221;tag:h2|font_size:35px|text_align:left|line_height:45px&#8221; use_theme_fonts=&#8221;yes&#8221; css=&#8221;&#8221; el_class=&#8221;heading-left-border&#8221;][vc_row_inner css=&#8221;.vc_custom_1522819181239{margin-top: 40px !important;margin-bottom: 0px !important;}&#8221; el_class=&#8221;hover-icon&#8221;][vc_column_inner width=&#8221;1\/6&#8243;][vc_single_image image=&#8221;2689&#8243; img_size=&#8221;full&#8221; css=&#8221;.vc_custom_1523016217426{margin-top: 0px !important;margin-bottom: 10px !important;padding-top: 0px !important;padding-bottom: 0px !important;}&#8221;][\/vc_column_inner][vc_column_inner width=&#8221;5\/6&#8243;][vc_custom_heading text=&#8221;Kaliteyi Garanti ediyoruz&#8221; font_container=&#8221;tag:h6|font_size:18px|text_align:left|line_height:23px&#8221; use_theme_fonts=&#8221;yes&#8221; css=&#8221;&#8221;][vc_custom_heading text=&#8221;\u0130malat ve i\u015fleme at\u00f6lyemizde tamamen katite standartlar\u0131na uygun bir \u015fekilde \u00fcretiyoruz. Makinelerimizin ve parkurlar\u0131m\u0131z\u0131n zaman\u0131nda bak\u0131m\u0131 yaparak kaliteyi \u015fansa brakm\u0131yoruz.&#8221; font_container=&#8221;tag:p|text_align:left&#8221; use_theme_fonts=&#8221;yes&#8221; css=&#8221;.vc_custom_1729506645325{margin-top: 12px !important;margin-bottom: 0px !important;}&#8221;][\/vc_column_inner][\/vc_row_inner][vc_row_inner css=&#8221;.vc_custom_1522819195542{margin-top: 30px !important;margin-bottom: 0px !important;}&#8221; el_class=&#8221;hover-icon&#8221;][vc_column_inner width=&#8221;1\/6&#8243;][vc_single_image image=&#8221;2692&#8243; img_size=&#8221;full&#8221; css=&#8221;.vc_custom_1523016234904{margin-top: 0px !important;margin-bottom: 10px !important;padding-top: 0px !important;padding-bottom: 0px !important;}&#8221;][\/vc_column_inner][vc_column_inner width=&#8221;5\/6&#8243;][vc_custom_heading text=&#8221;Uzman Ve E\u011fitimli M\u00fc\u015fteri Hizmetleri&#8221; font_container=&#8221;tag:h6|font_size:18px|text_align:left|line_height:23px&#8221; use_theme_fonts=&#8221;yes&#8221; css=&#8221;&#8221;][vc_custom_heading text=&#8221;Her m\u00fc\u015fterimiz bizim i\u00e7in \u00e7ok de\u011ferlidir. Bu samiyetten yola \u00e7\u0131karak t\u00fcm m\u00fc\u015fteri temsilcilerimiz m\u00fc\u015fterilerimize d\u00fcr\u00fcst ve a\u00e7\u0131klay\u0131c\u0131 bir yakla\u015f\u0131m ile kar\u015f\u0131l\u0131k veriyoruz&#8221; font_container=&#8221;tag:p|text_align:left&#8221; use_theme_fonts=&#8221;yes&#8221; css=&#8221;.vc_custom_1729506696703{margin-top: 12px !important;margin-bottom: 0px !important;}&#8221;][\/vc_column_inner][\/vc_row_inner][vc_row_inner css=&#8221;.vc_custom_1522819209311{margin-top: 30px !important;margin-bottom: 0px !important;}&#8221; el_class=&#8221;hover-icon&#8221;][vc_column_inner width=&#8221;1\/6&#8243;][vc_single_image image=&#8221;2695&#8243; img_size=&#8221;full&#8221; css=&#8221;.vc_custom_1523016254879{margin-top: 0px !important;margin-bottom: 10px !important;padding-top: 0px !important;padding-bottom: 0px !important;}&#8221;][\/vc_column_inner][vc_column_inner width=&#8221;5\/6&#8243;][vc_custom_heading text=&#8221;Konusunda Uzman Ve Tecr\u00fcbeli Personel&#8221; font_container=&#8221;tag:h6|font_size:18px|text_align:left|line_height:23px&#8221; use_theme_fonts=&#8221;yes&#8221; css=&#8221;&#8221;][vc_custom_heading text=&#8221;\u0130\u015fletmemizde \u00e7al\u0131\u015fan personelimiz i\u015finde yetenekli ve tecr\u00fcbeli ki\u015filerdir. Persenolemize y\u0131llar\u0131n vermi\u015f oldu\u011fu tecr\u00fcbe ve birikimi ile birlikte d\u00fczenli e\u011fitimler vererek bu tecr\u00fcbeyi garanti ediyoruz.&#8221; font_container=&#8221;tag:p|text_align:left&#8221; use_theme_fonts=&#8221;yes&#8221; css=&#8221;.vc_custom_1729506754215{margin-top: 12px !important;margin-bottom: 0px !important;}&#8221;][\/vc_column_inner][\/vc_row_inner][\/vc_column][vc_column width=&#8221;1\/2&#8243; css=&#8221;.vc_custom_1729507447447{margin-top: 0px !important;margin-right: 0px !important;margin-bottom: 0px !important;margin-left: 0px !important;padding-top: 0px !important;padding-right: 0px !important;padding-bottom: 0px !important;padding-left: 0px !important;background-image: url(https:\/\/livglass.com.tr\/wp-content\/uploads\/2024\/10\/livglass_hakkimizda.jpg?id=3258) !important;background-position: center !important;background-repeat: no-repeat !important;background-size: cover !important;}&#8221;][vc_single_image image=&#8221;3258&#8243; img_size=&#8221;full&#8221; css=&#8221;.vc_custom_1729507378692{margin-top: 0px !important;margin-right: 0px !important;margin-bottom: 0px !important;margin-left: 0px !important;padding-top: 0px !important;padding-right: 0px !important;padding-bottom: 0px !important;padding-left: 0px !important;}&#8221; el_class=&#8221;hidden-lg hidden-md hidden-sm visible-xs&#8221;][\/vc_column][\/vc_row][vc_section full_width=&#8221;stretch_row&#8221; css=&#8221;.vc_custom_1522733940768{margin-top: 0px !important;margin-bottom: 0px !important;border-top-width: 1px !important;border-bottom-width: 1px !important;padding-top: 80px !important;padding-bottom: 80px !important;background-color: #fafafa !important;border-top-color: #eceded !important;border-top-style: solid !important;border-bottom-color: #eceded !important;border-bottom-style: solid !important;}&#8221;][vc_row css=&#8221;.vc_custom_1522733950546{margin-top: 0px !important;margin-bottom: 0px !important;}&#8221;][vc_column width=&#8221;1\/3&#8243; css=&#8221;.vc_custom_1523014149361{margin-top: 0px !important;margin-bottom: 0px !important;padding-top: 0px !important;padding-bottom: 0px !important;padding-left: 130px !important;background-image: url(https:\/\/brixel.radiantthemes.com\/wp-content\/uploads\/2018\/04\/Successfully.png?id=2663) !important;background-position: 0 0 !important;background-repeat: no-repeat !important;}&#8221; el_class=&#8221;after-border&#8221;][vc_custom_heading text=&#8221;450+&#8221; font_container=&#8221;tag:p|font_size:48px|text_align:left|line_height:40px&#8221; use_theme_fonts=&#8221;yes&#8221; el_class=&#8221;font-weight-medium&#8221;][vc_custom_heading text=&#8221;En iyi \u015fekilde&#8221; font_container=&#8221;tag:p|font_size:18px|text_align:left|color:%23f5b315|line_height:30px&#8221; use_theme_fonts=&#8221;yes&#8221; css=&#8221;.vc_custom_1729507549196{margin-top: 8px !important;margin-bottom: 0px !important;padding-top: 0px !important;padding-bottom: 0px !important;}&#8221; el_class=&#8221;font-bold&#8221;][vc_custom_heading text=&#8221;Tamamlanan Projeler&#8221; font_container=&#8221;tag:p|font_size:18px|text_align:left|color:%23161111|line_height:26px&#8221; use_theme_fonts=&#8221;yes&#8221; css=&#8221;.vc_custom_1729507582069{margin-top: 0px !important;margin-bottom: 0px !important;padding-top: 0px !important;padding-bottom: 0px !important;}&#8221;][\/vc_column][vc_column width=&#8221;1\/3&#8243; css=&#8221;.vc_custom_1729529668760{margin-top: 0px !important;margin-bottom: 0px !important;padding-top: 0px !important;padding-bottom: 0px !important;padding-left: 130px !important;background-image: url(https:\/\/livglass.com.tr\/wp-content\/uploads\/2018\/04\/Successfully.png?id=2663) !important;background-position: 0 0 !important;background-repeat: no-repeat !important;}&#8221; el_class=&#8221;after-border&#8221;][vc_custom_heading text=&#8221;300m2&#8243; font_container=&#8221;tag:p|font_size:48px|text_align:left|line_height:40px&#8221; use_theme_fonts=&#8221;yes&#8221; css=&#8221;&#8221; el_class=&#8221;font-weight-medium&#8221;][vc_custom_heading text=&#8221;G\u00fcnl\u00fck&#8221; font_container=&#8221;tag:p|font_size:18px|text_align:left|color:%23f5b315|line_height:30px&#8221; use_theme_fonts=&#8221;yes&#8221; css=&#8221;.vc_custom_1729529707019{margin-top: 8px !important;margin-bottom: 0px !important;padding-top: 0px !important;padding-bottom: 0px !important;}&#8221; el_class=&#8221;font-bold&#8221;][vc_custom_heading text=&#8221;Is\u0131cam \u00dcretim Kapasitesi&#8221; font_container=&#8221;tag:p|font_size:18px|text_align:left|color:%23161111|line_height:26px&#8221; use_theme_fonts=&#8221;yes&#8221; css=&#8221;.vc_custom_1729529731880{margin-top: 0px !important;margin-bottom: 0px !important;padding-top: 0px !important;padding-bottom: 0px !important;}&#8221;][\/vc_column][vc_column width=&#8221;1\/3&#8243; css=&#8221;.vc_custom_1523014190208{margin-top: 0px !important;margin-bottom: 0px !important;padding-top: 0px !important;padding-bottom: 0px !important;padding-left: 130px !important;background-image: url(https:\/\/brixel.radiantthemes.com\/wp-content\/uploads\/2018\/04\/Years.png?id=2666) !important;background-position: 0 0 !important;background-repeat: no-repeat !important;}&#8221;][vc_custom_heading text=&#8221;10&#8243; font_container=&#8221;tag:p|font_size:48px|text_align:left|line_height:40px&#8221; use_theme_fonts=&#8221;yes&#8221; css=&#8221;&#8221; el_class=&#8221;font-weight-medium&#8221;][vc_custom_heading text=&#8221;Y\u0131ll\u0131k&#8221; font_container=&#8221;tag:p|font_size:18px|text_align:left|color:%23f5b315|line_height:30px&#8221; use_theme_fonts=&#8221;yes&#8221; css=&#8221;.vc_custom_1729507635057{margin-top: 8px !important;margin-bottom: 0px !important;padding-top: 0px !important;padding-bottom: 0px !important;}&#8221; el_class=&#8221;font-bold&#8221;][vc_custom_heading text=&#8221;Tecr\u00fcbe ve Deneyim&#8221; font_container=&#8221;tag:p|font_size:18px|text_align:left|color:%23161111|line_height:26px&#8221; use_theme_fonts=&#8221;yes&#8221; css=&#8221;.vc_custom_1729507656229{margin-top: 0px !important;margin-bottom: 0px !important;padding-top: 0px !important;padding-bottom: 0px !important;}&#8221;][\/vc_column][\/vc_row][\/vc_section]<\/p>\n<\/div>","protected":false},"excerpt":{"rendered":"<p>[vc_row gap=&#8221;10&#8243; css=&#8221;.vc_custom_1522818976704{margin-top: 0px !important;margin-bottom: 0px !important;padding-top: 80px !important;padding-bottom: 52px !important;}&#8221;][vc_column width=&#8221;1\/2&#8243; css=&#8221;.vc_custom_1522754688404{margin-top: 0px !important;margin-bottom: 0px !important;padding-top: 0px !important;padding-bottom: 0px !important;background-color: #ffffff !important;}&#8221;][vc_single_image image=&#8221;3378&#8243; img_size=&#8221;full&#8221; css=&#8221;&#8221;][vc_custom_heading text=&#8221;Cam \u0130\u015fleme Konusunda Lider firma&#8221; font_container=&#8221;tag:h1|font_size:36px|text_align:left|line_height:45px&#8221; use_theme_fonts=&#8221;yes&#8221; css=&#8221;&#8221; el_class=&#8221;heading-left-border&#8221;][\/vc_column][vc_column width=&#8221;1\/4&#8243; css=&#8221;.vc_custom_1522819129966{margin-top: 0px !important;margin-bottom: 0px !important;border-right-width: 1px !important;padding-top: 0px !important;padding-right: 35px !important;padding-bottom: 0px !important;padding-left: 35px !important;background-color: #ffffff !important;border-right-color: #eaeaea !important;border-right-style: [&hellip;]<\/p>\n","protected":false},"author":1,"featured_media":0,"parent":0,"menu_order":0,"comment_status":"closed","ping_status":"closed","template":"","meta":{"footnotes":""},"class_list":["post-2631","page","type-page","status-publish","hentry"],"aioseo_notices":[],"_links":{"self":[{"href":"https:\/\/livglass.com.tr\/index.php\/wp-json\/wp\/v2\/pages\/2631","targetHints":{"allow":["GET"]}}],"collection":[{"href":"https:\/\/livglass.com.tr\/index.php\/wp-json\/wp\/v2\/pages"}],"about":[{"href":"https:\/\/livglass.com.tr\/index.php\/wp-json\/wp\/v2\/types\/page"}],"author":[{"embeddable":true,"href":"https:\/\/livglass.com.tr\/index.php\/wp-json\/wp\/v2\/users\/1"}],"replies":[{"embeddable":true,"href":"https:\/\/livglass.com.tr\/index.php\/wp-json\/wp\/v2\/comments?post=2631"}],"version-history":[{"count":10,"href":"https:\/\/livglass.com.tr\/index.php\/wp-json\/wp\/v2\/pages\/2631\/revisions"}],"predecessor-version":[{"id":3396,"href":"https:\/\/livglass.com.tr\/index.php\/wp-json\/wp\/v2\/pages\/2631\/revisions\/3396"}],"wp:attachment":[{"href":"https:\/\/livglass.com.tr\/index.php\/wp-json\/wp\/v2\/media?parent=2631"}],"curies":[{"name":"wp","href":"https:\/\/api.w.org\/{rel}","templated":true}]}}